{"id":576,"date":"2022-07-05T12:11:51","date_gmt":"2022-07-05T10:11:51","guid":{"rendered":"https:\/\/site2022.locauxvarenne-usic.org\/mentions-legales\/"},"modified":"2025-07-21T17:30:40","modified_gmt":"2025-07-21T15:30:40","slug":"mentions-legales","status":"publish","type":"page","link":"https:\/\/www.locationusic.org\/en\/mentions-legales\/","title":{"rendered":"Mentions l\u00e9gales"},"content":{"rendered":"<p>[et_pb_section fb_built=&#8221;1&#8243; admin_label=&#8221;section&#8221; _builder_version=&#8221;4.16&#8243; global_colors_info=&#8221;{}&#8221;][et_pb_row admin_label=&#8221;row&#8221; _builder_version=&#8221;4.16&#8243; background_size=&#8221;initial&#8221; background_position=&#8221;top_left&#8221; background_repeat=&#8221;repeat&#8221; global_colors_info=&#8221;{}&#8221;][et_pb_column type=&#8221;4_4&#8243; _builder_version=&#8221;4.16&#8243; custom_padding=&#8221;|||&#8221; global_colors_info=&#8221;{}&#8221; custom_padding__hover=&#8221;|||&#8221;][et_pb_text admin_label=&#8221;Text&#8221; _builder_version=&#8221;4.27.4&#8243; background_size=&#8221;initial&#8221; background_position=&#8221;top_left&#8221; background_repeat=&#8221;repeat&#8221; hover_enabled=&#8221;0&#8243; global_colors_info=&#8221;{}&#8221; sticky_enabled=&#8221;0&#8243;]<\/p>\n<h1><\/h1>\n<p>&nbsp;<\/p>\n<h1>Legal Notices<\/h1>\n<p>&nbsp;<\/p>\n<h2>Website Publisher<\/h2>\n<p><!-- \/divi:heading --><!-- divi:paragraph -->You are on the official USIC website: https:\/\/www.locationusic.org<\/p>\n<p>The website is published by:<br \/><b>USIC<\/b><br \/>https:\/\/www.locationusic.org<br \/>18 rue de Varenne<br \/>75007 Paris<\/p>\n<p><!-- \/divi:paragraph --><!-- divi:paragraph --> Publication Director: Patrick Degiovanni, President of USIC<\/p>\n<p>&nbsp;<\/p>\n<p><!-- \/divi:paragraph --><!-- divi:paragraph --><!-- \/divi:paragraph --><!-- divi:heading --><\/p>\n<h2>Hosting<\/h2>\n<p><!-- \/divi:heading --><!-- divi:paragraph -->The site is hosted by:<br \/><b>OVH SAS<\/b><br \/>www.ovh.com<br \/>2 rue Kellermann \u2013 BP 80157<br \/>59053 ROUBAIX Cedex 1<br \/><!-- \/divi:paragraph --><!-- divi:heading --><\/p>\n<p>&nbsp;<\/p>\n<h2>Credits<\/h2>\n<p><!-- \/divi:heading --><!-- divi:paragraph -->The use of open source technologies was favored for the implementation of this site:<br \/>Publishing tools: WordPress, distributed under the GNU\/GPL (General Public License). Design and production: ACCK (www.acck.fr)<br \/>This website and all of its content, including text, still or animated images, databases, programs, etc., are protected by copyright. In accordance with Article L. 122-4 of the French Intellectual Property Code, it is prohibited to reproduce, copy, modify, transmit, or distribute in any way whatsoever, even partially, on any type of media, any element from this site (for example, but not limited to: texts, logos, images, audio elements, videos, software, icons) without the express prior authorization of USIC. Any reproduction, representation, or authorized use of a constituent element of the website must mention the following sentence: \u00a9 2022 USIC. All rights reserved. In accordance with Article L.122-5, paragraph 1, of the French Intellectual Property Code, the reproduction of an element of the site for personal and private use is authorized. <!-- \/divi:paragraph --><!-- divi:heading --><\/p>\n<p>&nbsp;<\/p>\n<h2>Personal Data<\/h2>\n<p><!-- \/divi:heading --><!-- divi:paragraph -->Generally speaking, you can visit our website without revealing your identity or providing any personal information. However, we may sometimes ask you for information, particularly to process messages sent via the contact form. In accordance with the French Data Protection Act of January 6, 1978, amended by the Act of August 6, 2004, you have the right to access, rectify, modify, and delete any personal data you have provided to us. You can exercise this right by sending a letter.<br \/><!-- \/divi:paragraph --><!-- divi:heading --><\/p>\n<p>&nbsp;<\/p>\n<h2>Cookie Policy<\/h2>\n<p><!-- \/divi:heading --><!-- divi:paragraph -->The website https:\/\/www.locationusic.org may install cookies on your web browser during your visits. Cookies are data sent from the web server to your browser, where they are stored for later retrieval.<\/p>\n<p>Cookies are used to memorize various display options on the website to make your visit easier and, if necessary, avoid having to re-enter certain information. Cookies are also used to obtain information about the use of our website for statistical purposes.<\/p>\n<p>No third-party cookies are stored in your browser by the website https:\/\/www.locationusic.org. Your browser only allows the website https:\/\/www.locationusic.org to access the cookies it has installed, not those installed by other websites.<\/p>\n<p>The collection of cookies can be disabled in your browser preferences. If your browser rejects all cookies, you may not be able to use some parts of the https:\/\/www.locationusic.org website under optimal browsing conditions.<br \/><!-- \/divi:paragraph --><!-- divi:heading --><\/p>\n<p>&nbsp;<\/p>\n<h2>Disclaimer<\/h2>\n<p><!-- \/divi:heading --><!-- divi:paragraph -->USIC has made every effort to ensure the accuracy of all information provided on its website. USIC cannot be held liable for any occasional or unexpected errors that may occur on the website.<\/p>\n<p>We thank users in advance for reporting any incomplete or incorrect information to us.<\/p>\n<p>For all administrative information, users are encouraged to refer exclusively to the information provided on the official websites of the relevant public administrations.<\/p>\n<p>&nbsp;<\/p>\n<h2>Statistics and Audience Measurement<\/h2>\n<p>We use the &#8220;Matomo&#8221; service to track website statistics and audience measurement.<\/p>\n<p>No cookies are stored to track your audience.<\/p>\n<p>&nbsp;<\/p>\n<h2>Contact Information<\/h2>\n<p>You can contact us at any time using the form<br \/>Envoyer des commentaires<br \/>Veuillez ne pas d\u00e9passer 5\u202f000 caract\u00e8res. Utilisez les fl\u00e8ches pour continuer la traduction.<br \/>R\u00e9sultats de traduction disponibles<\/p>\n<p>[\/et_pb_text][\/et_pb_column][\/et_pb_row][\/et_pb_section]<\/p>\n","protected":false},"excerpt":{"rendered":"<p>&nbsp; Legal Notices &nbsp; Website Publisher You are on the official USIC website: https:\/\/www.locationusic.org The website is published by:USIChttps:\/\/www.locationusic.org18 rue de Varenne75007 Paris Publication Director: Patrick Degiovanni, President of USIC &nbsp; Hosting The site is hosted by:OVH SASwww.ovh.com2 rue Kellermann \u2013 BP 8015759053 ROUBAIX Cedex 1 &nbsp; Credits The use of open source technologies was [&hellip;]<\/p>\n","protected":false},"author":1,"featured_media":0,"parent":0,"menu_order":0,"comment_status":"closed","ping_status":"closed","template":"","meta":{"_et_pb_use_builder":"on","_et_pb_old_content":"<!-- wp:heading {\"level\":1} -->\n<h1>\u00c9diteur du site<\/h1>\n<!-- \/wp:heading -->\n\n<!-- wp:paragraph -->\n<p>Vous \u00eates sur le site officiel de l\u2019USIC : https:\/\/www.locauxvarenne-usic.org<\/p>\n<!-- \/wp:paragraph -->\n\n<!-- wp:paragraph -->\n<p>Le site web\u00a0  est \u00e9dit\u00e9 par\u00a0:<br><b>USIC<\/b><br>https:\/\/www.locauxvarenne-usic.org<br>18 Rue de Varenne<br>75007 Paris<\/p>\n<!-- \/wp:paragraph -->\n\n<!-- wp:paragraph -->\n<p>Directeur de publication : Marc Mortureux, pr\u00e9sident de l\u2019USIC<br><\/p>\n<!-- \/wp:paragraph -->\n\n<!-- wp:heading -->\n<h2>H\u00e9bergement<\/h2>\n<!-- \/wp:heading -->\n\n<!-- wp:paragraph -->\n<p>\n\nL\u2019h\u00e9bergement du site est assur\u00e9 par&nbsp;:<br><b>OVH SAS<\/b><br>\nwww.ovh.com<br>\n2 rue kellermann \u2013 BP 80157<br>\n59053 ROUBAIX Cedex 1<br><\/p>\n<!-- \/wp:paragraph -->\n\n<!-- wp:heading -->\n<h2>Cr\u00e9dits<\/h2>\n<!-- \/wp:heading -->\n\n<!-- wp:paragraph -->\n<p>\n\nL\u2019usage de technologies open source a \u00e9t\u00e9 privil\u00e9gi\u00e9 pour la mise en \u0153uvre de ce site&nbsp;:<br>\n\nOutils de publication&nbsp;:&nbsp;WordPress, distribu\u00e9 sous licence&nbsp;GNU\/GPL&nbsp;(Licence Publique G\u00e9n\u00e9rale).<br>\nConception et r\u00e9alisation&nbsp;:&nbsp;ACCK (www.acck.fr)<br>\n\n\n\nLe pr\u00e9sent site Web et l\u2019ensemble de son contenu, y compris les textes, images fixes ou anim\u00e9es, bases de donn\u00e9es, programmes, etc., est prot\u00e9g\u00e9 par le droit d\u2019auteur. Conform\u00e9ment \u00e0 l\u2019article L. 122-4 du Code de la propri\u00e9t\u00e9 intellectuelle fran\u00e7aise, il est interdit de reproduire, copier, modifier, transmettre, diffuser de toute mani\u00e8re que ce soit, m\u00eame partiellement, sur tout type de support, tout \u00e9l\u00e9ment provenant de ce site (par exemple, mais non exclusivement&nbsp;: textes, logos, images, \u00e9l\u00e9ments sonores, vid\u00e9os, logiciels, ic\u00f4nes) sans l\u2019autorisation explicite et pr\u00e9alable de l'USIC. Toute reproduction, repr\u00e9sentation ou utilisation autoris\u00e9e d\u2019un \u00e9l\u00e9ment constitutif du site Web doit mentionner la phrase suivante&nbsp;: \u00a9 2022 USIC. Tous droits r\u00e9serv\u00e9s. Conform\u00e9ment \u00e0 l\u2019article L.122-5, alin\u00e9a premier, du Code de la propri\u00e9t\u00e9 intellectuelle, la reproduction d\u2019un \u00e9l\u00e9ment du site \u00e0 des fins personnelles et pour un usage priv\u00e9 est autoris\u00e9e.<br><\/p>\n<!-- \/wp:paragraph -->\n\n<!-- wp:heading -->\n<h2>Donn\u00e9es personnelles<\/h2>\n<!-- \/wp:heading -->\n\n<!-- wp:paragraph -->\n<p>\n\nD\u2019une fa\u00e7on g\u00e9n\u00e9rale, vous pouvez visiter notre site web sans avoir \u00e0 d\u00e9cliner votre identit\u00e9 et \u00e0 fournir des informations personnelles vous concernant. Cependant, nous pouvons parfois vous demander des informations, notamment, pour traiter les messages adress\u00e9s par le formulaire de contact. Conform\u00e9ment \u00e0 la loi Informatique et Libert\u00e9s du 6 Janvier 1978 modifi\u00e9e par la loi du 6 ao\u00fbt 2004, vous disposez d\u2019un droit d\u2019acc\u00e8s, de rectification, de modification et de suppression des donn\u00e9es personnelles que vous nous avez communiqu\u00e9es. Vous pouvez exercer ce droit en envoyant un courrier.<br><\/p>\n<!-- \/wp:paragraph -->\n\n<!-- wp:heading -->\n<h2>Politique vis \u00e0 vis des cookies<\/h2>\n<!-- \/wp:heading -->\n\n<!-- wp:paragraph -->\n<p>\n\nLe site web&nbsp;https:\/\/www.locauxvarenne-usic.org&nbsp;est susceptible d\u2019installer des cookies sur votre navigateur web lors de vos visites. Les cookies sont des donn\u00e9es qui sont envoy\u00e9es depuis le serveur web vers votre navigateur, o\u00f9 elles sont stock\u00e9es pour une r\u00e9cup\u00e9ration ult\u00e9rieure.<br><br>\nLes cookies servent \u00e0 m\u00e9moriser diff\u00e9rentes options d\u2019affichage du site pour rendre la visite plus ais\u00e9e et le cas \u00e9ch\u00e9ant, \u00e9viter de devoir saisir \u00e0 nouveau certaines informations. Les cookies servent \u00e9galement \u00e0 obtenir des informations sur l\u2019utilisation de notre site internet \u00e0 des fins statistiques.<br><br>\nAucun cookie tiers n\u2019est stock\u00e9 dans votre navigateur par le site&nbsp;https:\/\/www.locauxvarenne-usic.org. Votre navigateur permet au site&nbsp;https:\/\/www.locauxvarenne-usic.org&nbsp;d\u2019acc\u00e9der uniquement aux cookies qu\u2019il a install\u00e9s, non \u00e0 ceux install\u00e9s par d\u2019autres sites.<br><br>\nLa collecte de cookies peut \u00eatre d\u00e9sactiv\u00e9e dans les pr\u00e9f\u00e9rences de votre navigateur. Si votre navigateur refuse tous les cookies, il est possible que vous ne puissiez pas utiliser certaines parties du site&nbsp;https:\/\/www.locauxvarenne-usic.org&nbsp;dans les meilleures conditions de navigation.<br><\/p>\n<!-- \/wp:paragraph -->\n\n<!-- wp:heading -->\n<h2>D\u00e9charge de responsabilit\u00e9<\/h2>\n<!-- \/wp:heading -->\n\n<!-- wp:paragraph -->\n<p>\n\nL'USIC s'est efforc\u00e9 d\u2019assurer l\u2019exactitude de l\u2019ensemble des informations fournies sur son site. La responsabilit\u00e9 de l'USIC ne pourra en aucun cas \u00eatre engag\u00e9e quant \u00e0 d\u2019\u00e9ventuelles erreurs ponctuelles et inopin\u00e9es pouvant survenir sur le site.<br><br>\nNous remercions par avance les utilisateurs qui constateraient une information incompl\u00e8te ou erron\u00e9e \u00e0 nous le signaler.<br><br>\nPour toute information administrative, les utilisateurs sont invit\u00e9s \u00e0 se r\u00e9f\u00e9rer de mani\u00e8re exclusive aux informations donn\u00e9es sur les sites internet officiels des administrations publiques concern\u00e9es.<br><\/p>\n<!-- \/wp:paragraph -->\n\n<!-- wp:heading -->\n<h2>Lien vers d\u2019autres sites<\/h2>\n<!-- \/wp:heading -->\n\n<!-- wp:paragraph -->\n<p>\n\nL'USIC&nbsp;propose sur son site des liens vers des sites tiers. Ces liens sont \u00e9tablis en fonction de l\u2019int\u00e9r\u00eat du contenu propos\u00e9 par ces sites, au moment o\u00f9 les liens ont \u00e9t\u00e9 cr\u00e9\u00e9s. Cependant, ces sites tiers \u00e9tant par nature ind\u00e9pendants de l'USIC, ils peuvent \u00e9voluer ensuite sans pr\u00e9avis et&nbsp;l'USIC ne peut donc pas garantir la p\u00e9rennit\u00e9 des contenus accessibles par ces liens au fil du temps.<br><br>\nEn cons\u00e9quence,&nbsp;l'USIC ne saurait \u00eatre tenue pour responsable des contenus accessibles \u00e0 partir des liens. Tout utilisateur observant un lien pr\u00e9sent sur le site&nbsp;https:\/\/www.locauxvarenne-usic.org&nbsp;et conduisant \u00e0 un contenu qui semble obsol\u00e8te ou inappropri\u00e9 est invit\u00e9 \u00e0 le signaler par l\u2019interm\u00e9diaire de la page contact.<br><\/p>\n<!-- \/wp:paragraph -->","_et_gb_content_width":"","footnotes":""},"class_list":["post-576","page","type-page","status-publish","hentry"],"yoast_head":"<!-- This site is optimized with the Yoast SEO plugin v27.5 - https:\/\/yoast.com\/product\/yoast-seo-wordpress\/ -->\n<title>Mentions l\u00e9gales - USIC - Location de salles<\/title>\n<meta name=\"robots\" content=\"index, follow, max-snippet:-1, max-image-preview:large, max-video-preview:-1\" \/>\n<link rel=\"canonical\" href=\"https:\/\/www.locationusic.org\/en\/mentions-legales\/\" \/>\n<meta property=\"og:locale\" content=\"en_US\" \/>\n<meta property=\"og:type\" content=\"article\" \/>\n<meta property=\"og:title\" content=\"Mentions l\u00e9gales - USIC - Location de salles\" \/>\n<meta property=\"og:description\" content=\"&nbsp; Legal Notices &nbsp; Website Publisher You are on the official USIC website: https:\/\/www.locationusic.org The website is published by:USIChttps:\/\/www.locationusic.org18 rue de Varenne75007 Paris Publication Director: Patrick Degiovanni, President of USIC &nbsp; Hosting The site is hosted by:OVH SASwww.ovh.com2 rue Kellermann \u2013 BP 8015759053 ROUBAIX Cedex 1 &nbsp; Credits The use of open source technologies was [&hellip;]\" \/>\n<meta property=\"og:url\" content=\"https:\/\/www.locationusic.org\/en\/mentions-legales\/\" \/>\n<meta property=\"og:site_name\" content=\"USIC - Location de salles\" \/>\n<meta property=\"article:modified_time\" content=\"2025-07-21T15:30:40+00:00\" \/>\n<meta name=\"twitter:card\" content=\"summary_large_image\" \/>\n<meta name=\"twitter:label1\" content=\"Est. reading time\" \/>\n\t<meta name=\"twitter:data1\" content=\"3 minutes\" \/>\n<script type=\"application\/ld+json\" class=\"yoast-schema-graph\">{\"@context\":\"https:\\\/\\\/schema.org\",\"@graph\":[{\"@type\":\"WebPage\",\"@id\":\"https:\\\/\\\/www.locationusic.org\\\/en\\\/mentions-legales\\\/\",\"url\":\"https:\\\/\\\/www.locationusic.org\\\/en\\\/mentions-legales\\\/\",\"name\":\"Mentions l\u00e9gales - USIC - Location de salles\",\"isPartOf\":{\"@id\":\"https:\\\/\\\/www.locationusic.org\\\/#website\"},\"datePublished\":\"2022-07-05T10:11:51+00:00\",\"dateModified\":\"2025-07-21T15:30:40+00:00\",\"breadcrumb\":{\"@id\":\"https:\\\/\\\/www.locationusic.org\\\/en\\\/mentions-legales\\\/#breadcrumb\"},\"inLanguage\":\"en-US\",\"potentialAction\":[{\"@type\":\"ReadAction\",\"target\":[\"https:\\\/\\\/www.locationusic.org\\\/en\\\/mentions-legales\\\/\"]}]},{\"@type\":\"BreadcrumbList\",\"@id\":\"https:\\\/\\\/www.locationusic.org\\\/en\\\/mentions-legales\\\/#breadcrumb\",\"itemListElement\":[{\"@type\":\"ListItem\",\"position\":1,\"name\":\"Accueil\",\"item\":\"https:\\\/\\\/www.locationusic.org\\\/en\\\/\"},{\"@type\":\"ListItem\",\"position\":2,\"name\":\"Mentions l\u00e9gales\"}]},{\"@type\":\"WebSite\",\"@id\":\"https:\\\/\\\/www.locationusic.org\\\/#website\",\"url\":\"https:\\\/\\\/www.locationusic.org\\\/\",\"name\":\"USIC - Location de salles\",\"description\":\"Location de salles\",\"publisher\":{\"@id\":\"https:\\\/\\\/www.locationusic.org\\\/#organization\"},\"potentialAction\":[{\"@type\":\"SearchAction\",\"target\":{\"@type\":\"EntryPoint\",\"urlTemplate\":\"https:\\\/\\\/www.locationusic.org\\\/?s={search_term_string}\"},\"query-input\":{\"@type\":\"PropertyValueSpecification\",\"valueRequired\":true,\"valueName\":\"search_term_string\"}}],\"inLanguage\":\"en-US\"},{\"@type\":\"Organization\",\"@id\":\"https:\\\/\\\/www.locationusic.org\\\/#organization\",\"name\":\"USIC - Location de salles\",\"url\":\"https:\\\/\\\/www.locationusic.org\\\/\",\"logo\":{\"@type\":\"ImageObject\",\"inLanguage\":\"en-US\",\"@id\":\"https:\\\/\\\/www.locationusic.org\\\/#\\\/schema\\\/logo\\\/image\\\/\",\"url\":\"https:\\\/\\\/www.locationusic.org\\\/wp-content\\\/uploads\\\/2022\\\/07\\\/cropped-Logo-usic-512x512-1.png\",\"contentUrl\":\"https:\\\/\\\/www.locationusic.org\\\/wp-content\\\/uploads\\\/2022\\\/07\\\/cropped-Logo-usic-512x512-1.png\",\"width\":512,\"height\":512,\"caption\":\"USIC - Location de salles\"},\"image\":{\"@id\":\"https:\\\/\\\/www.locationusic.org\\\/#\\\/schema\\\/logo\\\/image\\\/\"}}]}<\/script>\n<!-- \/ Yoast SEO plugin. -->","yoast_head_json":{"title":"Mentions l\u00e9gales - USIC - Location de salles","robots":{"index":"index","follow":"follow","max-snippet":"max-snippet:-1","max-image-preview":"max-image-preview:large","max-video-preview":"max-video-preview:-1"},"canonical":"https:\/\/www.locationusic.org\/en\/mentions-legales\/","og_locale":"en_US","og_type":"article","og_title":"Mentions l\u00e9gales - USIC - Location de salles","og_description":"&nbsp; Legal Notices &nbsp; Website Publisher You are on the official USIC website: https:\/\/www.locationusic.org The website is published by:USIChttps:\/\/www.locationusic.org18 rue de Varenne75007 Paris Publication Director: Patrick Degiovanni, President of USIC &nbsp; Hosting The site is hosted by:OVH SASwww.ovh.com2 rue Kellermann \u2013 BP 8015759053 ROUBAIX Cedex 1 &nbsp; Credits The use of open source technologies was [&hellip;]","og_url":"https:\/\/www.locationusic.org\/en\/mentions-legales\/","og_site_name":"USIC - Location de salles","article_modified_time":"2025-07-21T15:30:40+00:00","twitter_card":"summary_large_image","twitter_misc":{"Est. reading time":"3 minutes"},"schema":{"@context":"https:\/\/schema.org","@graph":[{"@type":"WebPage","@id":"https:\/\/www.locationusic.org\/en\/mentions-legales\/","url":"https:\/\/www.locationusic.org\/en\/mentions-legales\/","name":"Mentions l\u00e9gales - USIC - Location de salles","isPartOf":{"@id":"https:\/\/www.locationusic.org\/#website"},"datePublished":"2022-07-05T10:11:51+00:00","dateModified":"2025-07-21T15:30:40+00:00","breadcrumb":{"@id":"https:\/\/www.locationusic.org\/en\/mentions-legales\/#breadcrumb"},"inLanguage":"en-US","potentialAction":[{"@type":"ReadAction","target":["https:\/\/www.locationusic.org\/en\/mentions-legales\/"]}]},{"@type":"BreadcrumbList","@id":"https:\/\/www.locationusic.org\/en\/mentions-legales\/#breadcrumb","itemListElement":[{"@type":"ListItem","position":1,"name":"Accueil","item":"https:\/\/www.locationusic.org\/en\/"},{"@type":"ListItem","position":2,"name":"Mentions l\u00e9gales"}]},{"@type":"WebSite","@id":"https:\/\/www.locationusic.org\/#website","url":"https:\/\/www.locationusic.org\/","name":"USIC - Location de salles","description":"Location de salles","publisher":{"@id":"https:\/\/www.locationusic.org\/#organization"},"potentialAction":[{"@type":"SearchAction","target":{"@type":"EntryPoint","urlTemplate":"https:\/\/www.locationusic.org\/?s={search_term_string}"},"query-input":{"@type":"PropertyValueSpecification","valueRequired":true,"valueName":"search_term_string"}}],"inLanguage":"en-US"},{"@type":"Organization","@id":"https:\/\/www.locationusic.org\/#organization","name":"USIC - Location de salles","url":"https:\/\/www.locationusic.org\/","logo":{"@type":"ImageObject","inLanguage":"en-US","@id":"https:\/\/www.locationusic.org\/#\/schema\/logo\/image\/","url":"https:\/\/www.locationusic.org\/wp-content\/uploads\/2022\/07\/cropped-Logo-usic-512x512-1.png","contentUrl":"https:\/\/www.locationusic.org\/wp-content\/uploads\/2022\/07\/cropped-Logo-usic-512x512-1.png","width":512,"height":512,"caption":"USIC - Location de salles"},"image":{"@id":"https:\/\/www.locationusic.org\/#\/schema\/logo\/image\/"}}]}},"_links":{"self":[{"href":"https:\/\/www.locationusic.org\/en\/wp-json\/wp\/v2\/pages\/576","targetHints":{"allow":["GET"]}}],"collection":[{"href":"https:\/\/www.locationusic.org\/en\/wp-json\/wp\/v2\/pages"}],"about":[{"href":"https:\/\/www.locationusic.org\/en\/wp-json\/wp\/v2\/types\/page"}],"author":[{"embeddable":true,"href":"https:\/\/www.locationusic.org\/en\/wp-json\/wp\/v2\/users\/1"}],"replies":[{"embeddable":true,"href":"https:\/\/www.locationusic.org\/en\/wp-json\/wp\/v2\/comments?post=576"}],"version-history":[{"count":6,"href":"https:\/\/www.locationusic.org\/en\/wp-json\/wp\/v2\/pages\/576\/revisions"}],"predecessor-version":[{"id":720,"href":"https:\/\/www.locationusic.org\/en\/wp-json\/wp\/v2\/pages\/576\/revisions\/720"}],"wp:attachment":[{"href":"https:\/\/www.locationusic.org\/en\/wp-json\/wp\/v2\/media?parent=576"}],"curies":[{"name":"wp","href":"https:\/\/api.w.org\/{rel}","templated":true}]}}