{"id":542,"date":"2022-07-04T15:55:19","date_gmt":"2022-07-04T13:55:19","guid":{"rendered":"https:\/\/site2022.locauxvarenne-usic.org\/?page_id=542"},"modified":"2022-09-05T10:43:47","modified_gmt":"2022-09-05T08:43:47","slug":"reglement-doccupation","status":"publish","type":"page","link":"https:\/\/www.locationusic.org\/en\/reglement-doccupation\/","title":{"rendered":"Rules of occupancy"},"content":{"rendered":"<p>[et_pb_section fb_built=&#8221;1&#8243; admin_label=&#8221;section&#8221; _builder_version=&#8221;4.16&#8243; global_colors_info=&#8221;{}&#8221;][et_pb_row admin_label=&#8221;row&#8221; _builder_version=&#8221;4.16&#8243; background_size=&#8221;initial&#8221; background_position=&#8221;top_left&#8221; background_repeat=&#8221;repeat&#8221; global_colors_info=&#8221;{}&#8221;][et_pb_column type=&#8221;4_4&#8243; _builder_version=&#8221;4.16&#8243; custom_padding=&#8221;|||&#8221; global_colors_info=&#8221;{}&#8221; custom_padding__hover=&#8221;|||&#8221;][et_pb_post_title meta=&#8221;off&#8221; featured_image=&#8221;off&#8221; _builder_version=&#8221;4.16.1&#8243; _module_preset=&#8221;default&#8221; global_colors_info=&#8221;{}&#8221;][\/et_pb_post_title][et_pb_text admin_label=&#8221;Text&#8221; _builder_version=&#8221;4.16.1&#8243; background_size=&#8221;initial&#8221; background_position=&#8221;top_left&#8221; background_repeat=&#8221;repeat&#8221; hover_enabled=&#8221;0&#8243; global_colors_info=&#8221;{}&#8221; sticky_enabled=&#8221;0&#8243;]<\/p>\n<p><!-- divi:paragraph --><\/p>\n<p><strong>The strict adherence to these rules is a contractual commitment.\u00a0 <\/strong><\/p>\n<ol>\n<li>The maximum number of occupants of the rooms, restricted by prefectoral decree, is indicated in each room and must be strictly observed.<\/li>\n<li>The transfer of furniture between different rooms is prohibited. The provided furniture is indicated in each room.<\/li>\n<li>The layout of the room is the responsibility of the renters: the tables and chairs must be put back in the original layout.<\/li>\n<li>The hours should be respected and the rooms must be cleared by 11pm.<\/li>\n<li>It is prohibited to eat and drink in the rooms, except with the consent of the USIC.<\/li>\n<li>The renters must turn off the lights, close the windows and wipe the boards clean before leaving.<\/li>\n<li>The tranquility of the building, which is essential for all, relies on everyone&#8217;s behaviour. It is therefore necessary to avoid loud noises.<\/li>\n<li>The space in the corridors and the reception rooms on the ground floor must remain free and the access to emergency exits must be guaranteed.<\/li>\n<li>Report any difficulties to the secretariat in writing, especially violations of these rules.<\/li>\n<li>The renters must comply with any additional rules that may be communicated in the confirmation.<\/li>\n<li>The payment must be made within 30 days of receiving the invoice.<\/li>\n<li>It is prohibited to smoke in the rooms and the corridors (decree n\u00b092.478, 28<sup>th<\/sup> of May 1992).<\/li>\n<li>The USIC declines all responsibility for the belongings left by the renters (damage, loss, theft, fire).<\/li>\n<li>In case of an evacuation alarm, the renters must take care of the disabled persons present within the rented rooms.<\/li>\n<li>When using the WIFI provided by the USIC, the renters undertake to respect the regulations in force on the use of the Internet.<\/li>\n<\/ol>\n<p>&nbsp;<\/p>\n<p><!-- \/divi:list --><\/p>\n<p>[\/et_pb_text][\/et_pb_column][\/et_pb_row][\/et_pb_section]<\/p>\n","protected":false},"excerpt":{"rendered":"<p>The strict adherence to these rules is a contractual commitment.\u00a0 The maximum number of occupants of the rooms, restricted by prefectoral decree, is indicated in each room and must be strictly observed. The transfer of furniture between different rooms is prohibited. The provided furniture is indicated in each room. The layout of the room is [&hellip;]<\/p>\n","protected":false},"author":1,"featured_media":0,"parent":0,"menu_order":0,"comment_status":"closed","ping_status":"closed","template":"","meta":{"_et_pb_use_builder":"on","_et_pb_old_content":"<!-- wp:paragraph -->\n<p><strong>Le respect rigoureux de ce r\u00e8glement est un engagement contractuel<\/strong><\/p>\n<!-- \/wp:paragraph -->\n\n<!-- wp:list {\"ordered\":true} -->\n<ol><li>Le nombre maximum d\u2019occupants des salles, limit\u00e9 par arr\u00eat\u00e9 pr\u00e9fectoral, est affich\u00e9 dans chaque salle et doit \u00eatre strictement respect\u00e9.<\/li><li>Tout transfert de meubles entre diff\u00e9rentes salles est interdit. Le mobilier mis \u00e0 disposition est affich\u00e9 dans chaque salle.<\/li><li>La disposition des salles est \u00e0 la charge des locataires : les tables et les chaises devront \u00eatre remises en place en format s\u00e9minaire (tables et chaises en rang\u00e9es).<\/li><li>Il convient de respecter les horaires et de lib\u00e9rer toutes les salles \u00e0 23 heures.<\/li><li>Il est interdit de manger et boire dans les salles sauf apr\u00e8s accord de l\u2019USIC.<\/li><li>Eteindre les lumi\u00e8res, fermer les fen\u00eatres et effacer les tableaux en partant.<\/li><li>La tranquillit\u00e9 de l\u2019immeuble, indispensable pour tous, repose sur le comportement de chacun. On s\u2019abstiendra donc de toute manifestation bruyante. La circulation dans les couloirs et les locaux d\u2019accueil du rez-de-chauss\u00e9e doit toujours demeurer libre.<\/li><li>Signaler par \u00e9crit toute difficult\u00e9 au secr\u00e9tariat, en particulier les manquements \u00e0 ce r\u00e8glement.<\/li><li>Se conformer \u00e0 toute r\u00e9glementation compl\u00e9mentaire notifi\u00e9e \u00e9ventuellement dans la confirmation.<\/li><li>Le paiement est \u00e0 effectuer \u00e0 r\u00e9ception de la facture.<\/li><li>Il est interdit de fumer dans les salles et les couloirs (d\u00e9cret n\u00b092.478, 28 mai 1992).<\/li><li>L\u2019USIC d\u00e9cline toute responsabilit\u00e9 concernant les mat\u00e9riels laiss\u00e9s en d\u00e9p\u00f4t par les locataires (d\u00e9gradation, perte, vol, incendie).<\/li><li>Il appartient au locataire, en cas d\u2019alarme \u00e9vacuation, de prendre en charge les personnes handicap\u00e9es pr\u00e9sentes dans les locaux lou\u00e9s.<\/li><li>Il est de la responsabilit\u00e9 du locataire de faire respecter la Charte d\u2019utilisation de la connexion WIFI.<\/li><\/ol>\n<!-- \/wp:list -->","_et_gb_content_width":"","footnotes":""},"class_list":["post-542","page","type-page","status-publish","hentry"],"yoast_head":"<!-- This site is optimized with the Yoast SEO plugin v27.2 - https:\/\/yoast.com\/product\/yoast-seo-wordpress\/ -->\n<title>Rules of occupancy - USIC - Location de salles<\/title>\n<meta name=\"robots\" content=\"index, follow, max-snippet:-1, max-image-preview:large, max-video-preview:-1\" \/>\n<link rel=\"canonical\" href=\"https:\/\/www.locationusic.org\/en\/reglement-doccupation\/\" \/>\n<meta property=\"og:locale\" content=\"en_US\" \/>\n<meta property=\"og:type\" content=\"article\" \/>\n<meta property=\"og:title\" content=\"Rules of occupancy - USIC - Location de salles\" \/>\n<meta property=\"og:description\" content=\"The strict adherence to these rules is a contractual commitment.\u00a0 The maximum number of occupants of the rooms, restricted by prefectoral decree, is indicated in each room and must be strictly observed. The transfer of furniture between different rooms is prohibited. The provided furniture is indicated in each room. The layout of the room is [&hellip;]\" \/>\n<meta property=\"og:url\" content=\"https:\/\/www.locationusic.org\/en\/reglement-doccupation\/\" \/>\n<meta property=\"og:site_name\" content=\"USIC - Location de salles\" \/>\n<meta property=\"article:modified_time\" content=\"2022-09-05T08:43:47+00:00\" \/>\n<meta name=\"twitter:card\" content=\"summary_large_image\" \/>\n<meta name=\"twitter:label1\" content=\"Est. reading time\" \/>\n\t<meta name=\"twitter:data1\" content=\"2 minutes\" \/>\n<script type=\"application\/ld+json\" class=\"yoast-schema-graph\">{\"@context\":\"https:\/\/schema.org\",\"@graph\":[{\"@type\":\"WebPage\",\"@id\":\"https:\/\/www.locationusic.org\/en\/reglement-doccupation\/\",\"url\":\"https:\/\/www.locationusic.org\/en\/reglement-doccupation\/\",\"name\":\"Rules of occupancy - USIC - Location de salles\",\"isPartOf\":{\"@id\":\"https:\/\/www.locationusic.org\/#website\"},\"datePublished\":\"2022-07-04T13:55:19+00:00\",\"dateModified\":\"2022-09-05T08:43:47+00:00\",\"breadcrumb\":{\"@id\":\"https:\/\/www.locationusic.org\/en\/reglement-doccupation\/#breadcrumb\"},\"inLanguage\":\"en-US\",\"potentialAction\":[{\"@type\":\"ReadAction\",\"target\":[\"https:\/\/www.locationusic.org\/en\/reglement-doccupation\/\"]}]},{\"@type\":\"BreadcrumbList\",\"@id\":\"https:\/\/www.locationusic.org\/en\/reglement-doccupation\/#breadcrumb\",\"itemListElement\":[{\"@type\":\"ListItem\",\"position\":1,\"name\":\"Accueil\",\"item\":\"https:\/\/www.locationusic.org\/en\/\"},{\"@type\":\"ListItem\",\"position\":2,\"name\":\"Rules of occupancy\"}]},{\"@type\":\"WebSite\",\"@id\":\"https:\/\/www.locationusic.org\/#website\",\"url\":\"https:\/\/www.locationusic.org\/\",\"name\":\"USIC - Location de salles\",\"description\":\"Location de salles\",\"publisher\":{\"@id\":\"https:\/\/www.locationusic.org\/#organization\"},\"potentialAction\":[{\"@type\":\"SearchAction\",\"target\":{\"@type\":\"EntryPoint\",\"urlTemplate\":\"https:\/\/www.locationusic.org\/?s={search_term_string}\"},\"query-input\":{\"@type\":\"PropertyValueSpecification\",\"valueRequired\":true,\"valueName\":\"search_term_string\"}}],\"inLanguage\":\"en-US\"},{\"@type\":\"Organization\",\"@id\":\"https:\/\/www.locationusic.org\/#organization\",\"name\":\"USIC - Location de salles\",\"url\":\"https:\/\/www.locationusic.org\/\",\"logo\":{\"@type\":\"ImageObject\",\"inLanguage\":\"en-US\",\"@id\":\"https:\/\/www.locationusic.org\/#\/schema\/logo\/image\/\",\"url\":\"https:\/\/www.locationusic.org\/wp-content\/uploads\/2022\/07\/cropped-Logo-usic-512x512-1.png\",\"contentUrl\":\"https:\/\/www.locationusic.org\/wp-content\/uploads\/2022\/07\/cropped-Logo-usic-512x512-1.png\",\"width\":512,\"height\":512,\"caption\":\"USIC - Location de salles\"},\"image\":{\"@id\":\"https:\/\/www.locationusic.org\/#\/schema\/logo\/image\/\"}}]}<\/script>\n<!-- \/ Yoast SEO plugin. -->","yoast_head_json":{"title":"Rules of occupancy - USIC - Location de salles","robots":{"index":"index","follow":"follow","max-snippet":"max-snippet:-1","max-image-preview":"max-image-preview:large","max-video-preview":"max-video-preview:-1"},"canonical":"https:\/\/www.locationusic.org\/en\/reglement-doccupation\/","og_locale":"en_US","og_type":"article","og_title":"Rules of occupancy - USIC - Location de salles","og_description":"The strict adherence to these rules is a contractual commitment.\u00a0 The maximum number of occupants of the rooms, restricted by prefectoral decree, is indicated in each room and must be strictly observed. The transfer of furniture between different rooms is prohibited. The provided furniture is indicated in each room. The layout of the room is [&hellip;]","og_url":"https:\/\/www.locationusic.org\/en\/reglement-doccupation\/","og_site_name":"USIC - Location de salles","article_modified_time":"2022-09-05T08:43:47+00:00","twitter_card":"summary_large_image","twitter_misc":{"Est. reading time":"2 minutes"},"schema":{"@context":"https:\/\/schema.org","@graph":[{"@type":"WebPage","@id":"https:\/\/www.locationusic.org\/en\/reglement-doccupation\/","url":"https:\/\/www.locationusic.org\/en\/reglement-doccupation\/","name":"Rules of occupancy - USIC - Location de salles","isPartOf":{"@id":"https:\/\/www.locationusic.org\/#website"},"datePublished":"2022-07-04T13:55:19+00:00","dateModified":"2022-09-05T08:43:47+00:00","breadcrumb":{"@id":"https:\/\/www.locationusic.org\/en\/reglement-doccupation\/#breadcrumb"},"inLanguage":"en-US","potentialAction":[{"@type":"ReadAction","target":["https:\/\/www.locationusic.org\/en\/reglement-doccupation\/"]}]},{"@type":"BreadcrumbList","@id":"https:\/\/www.locationusic.org\/en\/reglement-doccupation\/#breadcrumb","itemListElement":[{"@type":"ListItem","position":1,"name":"Accueil","item":"https:\/\/www.locationusic.org\/en\/"},{"@type":"ListItem","position":2,"name":"Rules of occupancy"}]},{"@type":"WebSite","@id":"https:\/\/www.locationusic.org\/#website","url":"https:\/\/www.locationusic.org\/","name":"USIC - Location de salles","description":"Location de salles","publisher":{"@id":"https:\/\/www.locationusic.org\/#organization"},"potentialAction":[{"@type":"SearchAction","target":{"@type":"EntryPoint","urlTemplate":"https:\/\/www.locationusic.org\/?s={search_term_string}"},"query-input":{"@type":"PropertyValueSpecification","valueRequired":true,"valueName":"search_term_string"}}],"inLanguage":"en-US"},{"@type":"Organization","@id":"https:\/\/www.locationusic.org\/#organization","name":"USIC - Location de salles","url":"https:\/\/www.locationusic.org\/","logo":{"@type":"ImageObject","inLanguage":"en-US","@id":"https:\/\/www.locationusic.org\/#\/schema\/logo\/image\/","url":"https:\/\/www.locationusic.org\/wp-content\/uploads\/2022\/07\/cropped-Logo-usic-512x512-1.png","contentUrl":"https:\/\/www.locationusic.org\/wp-content\/uploads\/2022\/07\/cropped-Logo-usic-512x512-1.png","width":512,"height":512,"caption":"USIC - Location de salles"},"image":{"@id":"https:\/\/www.locationusic.org\/#\/schema\/logo\/image\/"}}]}},"_links":{"self":[{"href":"https:\/\/www.locationusic.org\/en\/wp-json\/wp\/v2\/pages\/542","targetHints":{"allow":["GET"]}}],"collection":[{"href":"https:\/\/www.locationusic.org\/en\/wp-json\/wp\/v2\/pages"}],"about":[{"href":"https:\/\/www.locationusic.org\/en\/wp-json\/wp\/v2\/types\/page"}],"author":[{"embeddable":true,"href":"https:\/\/www.locationusic.org\/en\/wp-json\/wp\/v2\/users\/1"}],"replies":[{"embeddable":true,"href":"https:\/\/www.locationusic.org\/en\/wp-json\/wp\/v2\/comments?post=542"}],"version-history":[{"count":7,"href":"https:\/\/www.locationusic.org\/en\/wp-json\/wp\/v2\/pages\/542\/revisions"}],"predecessor-version":[{"id":606,"href":"https:\/\/www.locationusic.org\/en\/wp-json\/wp\/v2\/pages\/542\/revisions\/606"}],"wp:attachment":[{"href":"https:\/\/www.locationusic.org\/en\/wp-json\/wp\/v2\/media?parent=542"}],"curies":[{"name":"wp","href":"https:\/\/api.w.org\/{rel}","templated":true}]}}