{"id":530,"date":"2022-07-04T15:54:31","date_gmt":"2022-07-04T13:54:31","guid":{"rendered":"https:\/\/site2022.locauxvarenne-usic.org\/qui-nous-sommes\/"},"modified":"2025-07-18T12:09:53","modified_gmt":"2025-07-18T10:09:53","slug":"qui-nous-sommes","status":"publish","type":"page","link":"https:\/\/www.locationusic.org\/en\/qui-nous-sommes\/","title":{"rendered":"Who are we ?"},"content":{"rendered":"<p>[et_pb_section fb_built=&#8221;1&#8243; _builder_version=&#8221;4.16.1&#8243; _module_preset=&#8221;default&#8221; global_colors_info=&#8221;{}&#8221;][et_pb_row _builder_version=&#8221;4.16.1&#8243; _module_preset=&#8221;default&#8221; global_colors_info=&#8221;{}&#8221;][et_pb_column type=&#8221;4_4&#8243; _builder_version=&#8221;4.16.1&#8243; _module_preset=&#8221;default&#8221; global_colors_info=&#8221;{}&#8221;][et_pb_post_title meta=&#8221;off&#8221; featured_image=&#8221;off&#8221; _builder_version=&#8221;4.16.1&#8243; _module_preset=&#8221;default&#8221; global_colors_info=&#8221;{}&#8221;][\/et_pb_post_title][et_pb_text _builder_version=&#8221;4.27.4&#8243; _module_preset=&#8221;default&#8221; hover_enabled=&#8221;0&#8243; global_colors_info=&#8221;{}&#8221; sticky_enabled=&#8221;0&#8243;]<\/p>\n<p>The USIC &#8211; Union Sociale d\u2019Ing\u00e9nieurs Cadres et dirigeants chr\u00e9tiens &#8211; is a non-profit organization, founded in 1892, and which gave rise in 1965 to the MCC &#8211; Mouvement Chr\u00e9tien des Cadres et dirigeants &#8211; which became <a href=\"http:\/\/www.eccleria.fr\">Eccleria<\/a> in 2025.\u00a0<\/p>\n<p>The USIC aims to bring support to people who take on economic, technical and social responsibilities. It specifically supports Eccleria.<\/p>\n<p>At its headquarters, located at 18 rue de Varenne in Paris, the USIC has 5 rooms which are available for Eccleria and the GRE (Groupe Recherche Emploi), as well as for rent for organizations or training institutes.<\/p>\n<p>[\/et_pb_text][\/et_pb_column][\/et_pb_row][et_pb_row _builder_version=&#8221;4.16.1&#8243; _module_preset=&#8221;default&#8221; global_colors_info=&#8221;{}&#8221;][et_pb_column type=&#8221;4_4&#8243; _builder_version=&#8221;4.16.1&#8243; _module_preset=&#8221;default&#8221; global_colors_info=&#8221;{}&#8221;][\/et_pb_column][\/et_pb_row][\/et_pb_section]<\/p>\n","protected":false},"excerpt":{"rendered":"<p>The USIC &#8211; Union Sociale d\u2019Ing\u00e9nieurs Cadres et dirigeants chr\u00e9tiens &#8211; is a non-profit organization, founded in 1892, and which gave rise in 1965 to the MCC &#8211; Mouvement Chr\u00e9tien des Cadres et dirigeants &#8211; which became Eccleria in 2025.\u00a0 The USIC aims to bring support to people who take on economic, technical and social [&hellip;]<\/p>\n","protected":false},"author":1,"featured_media":0,"parent":0,"menu_order":0,"comment_status":"closed","ping_status":"closed","template":"","meta":{"_et_pb_use_builder":"on","_et_pb_old_content":"","_et_gb_content_width":"","footnotes":""},"class_list":["post-530","page","type-page","status-publish","hentry"],"yoast_head":"<!-- This site is optimized with the Yoast SEO plugin v27.2 - https:\/\/yoast.com\/product\/yoast-seo-wordpress\/ -->\n<title>Who are we ? - USIC - Location de salles<\/title>\n<meta name=\"robots\" content=\"index, follow, max-snippet:-1, max-image-preview:large, max-video-preview:-1\" \/>\n<link rel=\"canonical\" href=\"https:\/\/www.locationusic.org\/en\/qui-nous-sommes\/\" \/>\n<meta property=\"og:locale\" content=\"en_US\" \/>\n<meta property=\"og:type\" content=\"article\" \/>\n<meta property=\"og:title\" content=\"Who are we ? - USIC - Location de salles\" \/>\n<meta property=\"og:description\" content=\"The USIC - Union Sociale d\u2019Ing\u00e9nieurs Cadres et dirigeants chr\u00e9tiens - is a non-profit organization, founded in 1892, and which gave rise in 1965 to the MCC - Mouvement Chr\u00e9tien des Cadres et dirigeants - which became Eccleria in 2025.\u00a0 The USIC aims to bring support to people who take on economic, technical and social [&hellip;]\" \/>\n<meta property=\"og:url\" content=\"https:\/\/www.locationusic.org\/en\/qui-nous-sommes\/\" \/>\n<meta property=\"og:site_name\" content=\"USIC - Location de salles\" \/>\n<meta property=\"article:modified_time\" content=\"2025-07-18T10:09:53+00:00\" \/>\n<meta name=\"twitter:card\" content=\"summary_large_image\" \/>\n<meta name=\"twitter:label1\" content=\"Est. reading time\" \/>\n\t<meta name=\"twitter:data1\" content=\"1 minute\" \/>\n<script type=\"application\/ld+json\" class=\"yoast-schema-graph\">{\"@context\":\"https:\/\/schema.org\",\"@graph\":[{\"@type\":\"WebPage\",\"@id\":\"https:\/\/www.locationusic.org\/en\/qui-nous-sommes\/\",\"url\":\"https:\/\/www.locationusic.org\/en\/qui-nous-sommes\/\",\"name\":\"Who are we ? - USIC - Location de salles\",\"isPartOf\":{\"@id\":\"https:\/\/www.locationusic.org\/#website\"},\"datePublished\":\"2022-07-04T13:54:31+00:00\",\"dateModified\":\"2025-07-18T10:09:53+00:00\",\"breadcrumb\":{\"@id\":\"https:\/\/www.locationusic.org\/en\/qui-nous-sommes\/#breadcrumb\"},\"inLanguage\":\"en-US\",\"potentialAction\":[{\"@type\":\"ReadAction\",\"target\":[\"https:\/\/www.locationusic.org\/en\/qui-nous-sommes\/\"]}]},{\"@type\":\"BreadcrumbList\",\"@id\":\"https:\/\/www.locationusic.org\/en\/qui-nous-sommes\/#breadcrumb\",\"itemListElement\":[{\"@type\":\"ListItem\",\"position\":1,\"name\":\"Accueil\",\"item\":\"https:\/\/www.locationusic.org\/en\/\"},{\"@type\":\"ListItem\",\"position\":2,\"name\":\"Who are we ?\"}]},{\"@type\":\"WebSite\",\"@id\":\"https:\/\/www.locationusic.org\/#website\",\"url\":\"https:\/\/www.locationusic.org\/\",\"name\":\"USIC - Location de salles\",\"description\":\"Location de salles\",\"publisher\":{\"@id\":\"https:\/\/www.locationusic.org\/#organization\"},\"potentialAction\":[{\"@type\":\"SearchAction\",\"target\":{\"@type\":\"EntryPoint\",\"urlTemplate\":\"https:\/\/www.locationusic.org\/?s={search_term_string}\"},\"query-input\":{\"@type\":\"PropertyValueSpecification\",\"valueRequired\":true,\"valueName\":\"search_term_string\"}}],\"inLanguage\":\"en-US\"},{\"@type\":\"Organization\",\"@id\":\"https:\/\/www.locationusic.org\/#organization\",\"name\":\"USIC - Location de salles\",\"url\":\"https:\/\/www.locationusic.org\/\",\"logo\":{\"@type\":\"ImageObject\",\"inLanguage\":\"en-US\",\"@id\":\"https:\/\/www.locationusic.org\/#\/schema\/logo\/image\/\",\"url\":\"https:\/\/www.locationusic.org\/wp-content\/uploads\/2022\/07\/cropped-Logo-usic-512x512-1.png\",\"contentUrl\":\"https:\/\/www.locationusic.org\/wp-content\/uploads\/2022\/07\/cropped-Logo-usic-512x512-1.png\",\"width\":512,\"height\":512,\"caption\":\"USIC - Location de salles\"},\"image\":{\"@id\":\"https:\/\/www.locationusic.org\/#\/schema\/logo\/image\/\"}}]}<\/script>\n<!-- \/ Yoast SEO plugin. -->","yoast_head_json":{"title":"Who are we ? - USIC - Location de salles","robots":{"index":"index","follow":"follow","max-snippet":"max-snippet:-1","max-image-preview":"max-image-preview:large","max-video-preview":"max-video-preview:-1"},"canonical":"https:\/\/www.locationusic.org\/en\/qui-nous-sommes\/","og_locale":"en_US","og_type":"article","og_title":"Who are we ? - USIC - Location de salles","og_description":"The USIC - Union Sociale d\u2019Ing\u00e9nieurs Cadres et dirigeants chr\u00e9tiens - is a non-profit organization, founded in 1892, and which gave rise in 1965 to the MCC - Mouvement Chr\u00e9tien des Cadres et dirigeants - which became Eccleria in 2025.\u00a0 The USIC aims to bring support to people who take on economic, technical and social [&hellip;]","og_url":"https:\/\/www.locationusic.org\/en\/qui-nous-sommes\/","og_site_name":"USIC - Location de salles","article_modified_time":"2025-07-18T10:09:53+00:00","twitter_card":"summary_large_image","twitter_misc":{"Est. reading time":"1 minute"},"schema":{"@context":"https:\/\/schema.org","@graph":[{"@type":"WebPage","@id":"https:\/\/www.locationusic.org\/en\/qui-nous-sommes\/","url":"https:\/\/www.locationusic.org\/en\/qui-nous-sommes\/","name":"Who are we ? - USIC - Location de salles","isPartOf":{"@id":"https:\/\/www.locationusic.org\/#website"},"datePublished":"2022-07-04T13:54:31+00:00","dateModified":"2025-07-18T10:09:53+00:00","breadcrumb":{"@id":"https:\/\/www.locationusic.org\/en\/qui-nous-sommes\/#breadcrumb"},"inLanguage":"en-US","potentialAction":[{"@type":"ReadAction","target":["https:\/\/www.locationusic.org\/en\/qui-nous-sommes\/"]}]},{"@type":"BreadcrumbList","@id":"https:\/\/www.locationusic.org\/en\/qui-nous-sommes\/#breadcrumb","itemListElement":[{"@type":"ListItem","position":1,"name":"Accueil","item":"https:\/\/www.locationusic.org\/en\/"},{"@type":"ListItem","position":2,"name":"Who are we ?"}]},{"@type":"WebSite","@id":"https:\/\/www.locationusic.org\/#website","url":"https:\/\/www.locationusic.org\/","name":"USIC - Location de salles","description":"Location de salles","publisher":{"@id":"https:\/\/www.locationusic.org\/#organization"},"potentialAction":[{"@type":"SearchAction","target":{"@type":"EntryPoint","urlTemplate":"https:\/\/www.locationusic.org\/?s={search_term_string}"},"query-input":{"@type":"PropertyValueSpecification","valueRequired":true,"valueName":"search_term_string"}}],"inLanguage":"en-US"},{"@type":"Organization","@id":"https:\/\/www.locationusic.org\/#organization","name":"USIC - Location de salles","url":"https:\/\/www.locationusic.org\/","logo":{"@type":"ImageObject","inLanguage":"en-US","@id":"https:\/\/www.locationusic.org\/#\/schema\/logo\/image\/","url":"https:\/\/www.locationusic.org\/wp-content\/uploads\/2022\/07\/cropped-Logo-usic-512x512-1.png","contentUrl":"https:\/\/www.locationusic.org\/wp-content\/uploads\/2022\/07\/cropped-Logo-usic-512x512-1.png","width":512,"height":512,"caption":"USIC - Location de salles"},"image":{"@id":"https:\/\/www.locationusic.org\/#\/schema\/logo\/image\/"}}]}},"_links":{"self":[{"href":"https:\/\/www.locationusic.org\/en\/wp-json\/wp\/v2\/pages\/530","targetHints":{"allow":["GET"]}}],"collection":[{"href":"https:\/\/www.locationusic.org\/en\/wp-json\/wp\/v2\/pages"}],"about":[{"href":"https:\/\/www.locationusic.org\/en\/wp-json\/wp\/v2\/types\/page"}],"author":[{"embeddable":true,"href":"https:\/\/www.locationusic.org\/en\/wp-json\/wp\/v2\/users\/1"}],"replies":[{"embeddable":true,"href":"https:\/\/www.locationusic.org\/en\/wp-json\/wp\/v2\/comments?post=530"}],"version-history":[{"count":8,"href":"https:\/\/www.locationusic.org\/en\/wp-json\/wp\/v2\/pages\/530\/revisions"}],"predecessor-version":[{"id":711,"href":"https:\/\/www.locationusic.org\/en\/wp-json\/wp\/v2\/pages\/530\/revisions\/711"}],"wp:attachment":[{"href":"https:\/\/www.locationusic.org\/en\/wp-json\/wp\/v2\/media?parent=530"}],"curies":[{"name":"wp","href":"https:\/\/api.w.org\/{rel}","templated":true}]}}